{"id":17,"date":"2020-07-31T09:46:25","date_gmt":"2020-07-31T09:46:25","guid":{"rendered":"https:\/\/businessclubbic.nl\/?page_id=17"},"modified":"2020-07-31T14:40:33","modified_gmt":"2020-07-31T14:40:33","slug":"homepage","status":"publish","type":"page","link":"https:\/\/businessclubbic.nl\/","title":{"rendered":"Homepage"},"content":{"rendered":"[vc_row full_width=&#8221;stretch_row&#8221; content_placement=&#8221;middle&#8221; parallax=&#8221;vcex_parallax&#8221; parallax_image=&#8221;19&#8243; parallax_direction=&#8221;down&#8221; css=&#8221;.vc_custom_1596202858286{background-position: center;background-repeat: no-repeat !important;background-size: cover !important;}&#8221; el_class=&#8221;agenda&#8221;][vc_column][vc_column_text]<h1 class=\"white\">Agenda 2024<\/h1>\n    \n      <div class=\"eventholder\">\n      <a href=\"https:\/\/businessclubbic.nl\/?events=alv-2024-2\">\n        <div class=\"dateholder\">\n          <div class=\"daytextholder\">maandag<\/div>\n          <div class=\"dayholder\">20<\/div>\n          <div class=\"monthholder\">januari<\/div>\n        <\/div>\n        <div class=\"dateholder_mobile\">\n          maandag 20 januari\n        <\/div>\n      \n      \n        <div class=\"specsholder\">   \n          <div class=\"eventtitle\">ALV 2025<\/div>   \n          <div class=\"partners\"><\/div>\n          <div class=\"aanwezigen\">\n            <!-- <div class=\"aangemeld\"><span class=\"lagreen\">0<\/span> aanwezig<\/div>\n            <div class=\"noggeenreactie\"><span class=\"laorange\">0<\/span> nog geen reactie<\/div>\n            <div class=\"afgemeld\"><span class=\"lared\">0<\/span> afwezig<\/div> -->\n          <\/div>\n        <\/div>\n        <\/a>\n      <\/div>\n    \n      <div class=\"eventholder\">\n      <a href=\"https:\/\/businessclubbic.nl\/?events=orangeworks-koekjesfabriek-bedrijfsbezoek-2\">\n        <div class=\"dateholder\">\n          <div class=\"daytextholder\">Woensdag<\/div>\n          <div class=\"dayholder\">19<\/div>\n          <div class=\"monthholder\">Februari<\/div>\n        <\/div>\n        <div class=\"dateholder_mobile\">\n          Woensdag 19 Februari\n        <\/div>\n      \n      \n        <div class=\"specsholder\">   \n          <div class=\"eventtitle\">Bedrijfsbezoek\/ Kook workshop Studio Boxx<\/div>   \n          <div class=\"partners\"><\/div>\n          <div class=\"aanwezigen\">\n            <!-- <div class=\"aangemeld\"><span class=\"lagreen\">0<\/span> aanwezig<\/div>\n            <div class=\"noggeenreactie\"><span class=\"laorange\">0<\/span> nog geen reactie<\/div>\n            <div class=\"afgemeld\"><span class=\"lared\">0<\/span> afwezig<\/div> -->\n          <\/div>\n        <\/div>\n        <\/a>\n      <\/div>\n    \n      <div class=\"eventholder\">\n      <a href=\"https:\/\/businessclubbic.nl\/?events=bedrijfsbezoek-len-interieur\">\n        <div class=\"dateholder\">\n          <div class=\"daytextholder\">Woensdag<\/div>\n          <div class=\"dayholder\">16<\/div>\n          <div class=\"monthholder\">April<\/div>\n        <\/div>\n        <div class=\"dateholder_mobile\">\n          Woensdag 16 April\n        <\/div>\n      \n      \n        <div class=\"specsholder\">   \n          <div class=\"eventtitle\">Bedrijfsbezoek LEN Interieur<\/div>   \n          <div class=\"partners\"><\/div>\n          <div class=\"aanwezigen\">\n            <!-- <div class=\"aangemeld\"><span class=\"lagreen\">0<\/span> aanwezig<\/div>\n            <div class=\"noggeenreactie\"><span class=\"laorange\">0<\/span> nog geen reactie<\/div>\n            <div class=\"afgemeld\"><span class=\"lared\">0<\/span> afwezig<\/div> -->\n          <\/div>\n        <\/div>\n        <\/a>\n      <\/div>\n    \n      <div class=\"eventholder\">\n      <a href=\"https:\/\/businessclubbic.nl\/?events=bedrijfsbezoek-verhoeven-family-metaalbewerking\">\n        <div class=\"dateholder\">\n          <div class=\"daytextholder\">Woensdag<\/div>\n          <div class=\"dayholder\">7<\/div>\n          <div class=\"monthholder\">Mei<\/div>\n        <\/div>\n        <div class=\"dateholder_mobile\">\n          Woensdag 7 Mei\n        <\/div>\n      \n      \n        <div class=\"specsholder\">   \n          <div class=\"eventtitle\">Bedrijfsbezoek Mondomed<\/div>   \n          <div class=\"partners\"><\/div>\n          <div class=\"aanwezigen\">\n            <!-- <div class=\"aangemeld\"><span class=\"lagreen\">0<\/span> aanwezig<\/div>\n            <div class=\"noggeenreactie\"><span class=\"laorange\">0<\/span> nog geen reactie<\/div>\n            <div class=\"afgemeld\"><span class=\"lared\">0<\/span> afwezig<\/div> -->\n          <\/div>\n        <\/div>\n        <\/a>\n      <\/div>\n    \n      <div class=\"eventholder\">\n      <a href=\"https:\/\/businessclubbic.nl\/?events=bic-bbq-buiten-programma-activiteit\">\n        <div class=\"dateholder\">\n          <div class=\"daytextholder\">Vrijdag<\/div>\n          <div class=\"dayholder\">27<\/div>\n          <div class=\"monthholder\">Juni<\/div>\n        <\/div>\n        <div class=\"dateholder_mobile\">\n          Vrijdag 27 Juni\n        <\/div>\n      \n      \n        <div class=\"specsholder\">   \n          <div class=\"eventtitle\">BIC BBQ ( buiten programma activiteit )<\/div>   \n          <div class=\"partners\"><\/div>\n          <div class=\"aanwezigen\">\n            <!-- <div class=\"aangemeld\"><span class=\"lagreen\">0<\/span> aanwezig<\/div>\n            <div class=\"noggeenreactie\"><span class=\"laorange\">0<\/span> nog geen reactie<\/div>\n            <div class=\"afgemeld\"><span class=\"lared\">0<\/span> afwezig<\/div> -->\n          <\/div>\n        <\/div>\n        <\/a>\n      <\/div>\n    \n      <div class=\"eventholder\">\n      <a href=\"https:\/\/businessclubbic.nl\/?events=bedrijfsbezoek-light-time-brewers-ntb\">\n        <div class=\"dateholder\">\n          <div class=\"daytextholder\">Woe<\/div>\n          <div class=\"dayholder\">17<\/div>\n          <div class=\"monthholder\">September<\/div>\n        <\/div>\n        <div class=\"dateholder_mobile\">\n          Woe 17 September\n        <\/div>\n      \n      \n        <div class=\"specsholder\">   \n          <div class=\"eventtitle\">Bedrijfsbezoek Light Time Brewers (ntb)<\/div>   \n          <div class=\"partners\"><\/div>\n          <div class=\"aanwezigen\">\n            <!-- <div class=\"aangemeld\"><span class=\"lagreen\">0<\/span> aanwezig<\/div>\n            <div class=\"noggeenreactie\"><span class=\"laorange\">0<\/span> nog geen reactie<\/div>\n            <div class=\"afgemeld\"><span class=\"lared\">0<\/span> afwezig<\/div> -->\n          <\/div>\n        <\/div>\n        <\/a>\n      <\/div>\n    \n      <div class=\"eventholder\">\n      <a href=\"https:\/\/businessclubbic.nl\/?events=bedrijfsbezoek-mondomed-ntb\">\n        <div class=\"dateholder\">\n          <div class=\"daytextholder\">Woensdag<\/div>\n          <div class=\"dayholder\">22<\/div>\n          <div class=\"monthholder\">Oktober<\/div>\n        <\/div>\n        <div class=\"dateholder_mobile\">\n          Woensdag 22 Oktober\n        <\/div>\n      \n      \n        <div class=\"specsholder\">   \n          <div class=\"eventtitle\">Bedrijfsbezoek Verhoeven Family metaalbewerking<\/div>   \n          <div class=\"partners\"><\/div>\n          <div class=\"aanwezigen\">\n            <!-- <div class=\"aangemeld\"><span class=\"lagreen\">0<\/span> aanwezig<\/div>\n            <div class=\"noggeenreactie\"><span class=\"laorange\">0<\/span> nog geen reactie<\/div>\n            <div class=\"afgemeld\"><span class=\"lared\">0<\/span> afwezig<\/div> -->\n          <\/div>\n        <\/div>\n        <\/a>\n      <\/div>\n    \n      <div class=\"eventholder\">\n      <a href=\"https:\/\/businessclubbic.nl\/?events=bic-kerstdiner-lustrumfeest-2-2\">\n        <div class=\"dateholder\">\n          <div class=\"daytextholder\">zaterdag<\/div>\n          <div class=\"dayholder\">13<\/div>\n          <div class=\"monthholder\">December<\/div>\n        <\/div>\n        <div class=\"dateholder_mobile\">\n          zaterdag 13 December\n        <\/div>\n      \n      \n        <div class=\"specsholder\">   \n          <div class=\"eventtitle\">BiC Kerstdiner<\/div>   \n          <div class=\"partners\"><\/div>\n          <div class=\"aanwezigen\">\n            <!-- <div class=\"aangemeld\"><span class=\"lagreen\">0<\/span> aanwezig<\/div>\n            <div class=\"noggeenreactie\"><span class=\"laorange\">0<\/span> nog geen reactie<\/div>\n            <div class=\"afgemeld\"><span class=\"lared\">0<\/span> afwezig<\/div> -->\n          <\/div>\n        <\/div>\n        <\/a>\n      <\/div>[\/vc_column_text][\/vc_column][\/vc_row][vc_row][vc_column][vc_column_text css=&#8221;.vc_custom_1596191787284{padding-top: 40px !important;}&#8221;]\n<h1>Business in Circle (BIC) is een actieve ondernemersclub in Zuidoost-Brabant.<\/h1>\n<p>BIC is een gezellige ontmoetings- en activiteitenclub voor ondernemers uit de regio Zuidoost-Brabant. De leden zijn (zeer) ervaren zzp&#8217;ers en mkb-ondernemers met veel waardevolle contacten in de regio. Natuurlijk is het meegenomen als er onderling business wordt gedaan, maar BIC is geen club van de &#8216;visitekaartjes&#8217; en de elevator pitches. Waar gaat het wel om bij BIC? Om het delen van kennis, elkaar vooruit helpen en elkaars ambassadeurs (willen) zijn. We hechten aan een vriendschappelijke onderlinge sfeer. Onze leden komen onder meer uit de financi\u00eble- en adviessector, advocatuur, de maakindustrie, hr en communicatie. Onze regel is: per beroepsgroep niet meer dan \u00e9\u00e9n vertegenwoordiger.<\/p>\n<p>BIC organiseert acht activiteiten per jaar van hoog\u00a0niveau.\u00a0Deze ongedwongen caf\u00e9-ontmoetingen zonder sprekers of thema kunnen ook door de partner en introducees worden bezocht.<\/p>\n<p>Onze activiteiten zijn van hoog niveau omdat we het belangrijk vinden om te (blijven) leren. We bezoeken interessante bedrijven en organisaties, organiseren lezingen met boeiende sprekers, uitstapjes naar aansprekende steden, bezoeken bijvoorbeeld een tentoonstelling en we organiseren sportieve activiteiten. Al onze activiteiten worden gecombineerd met een diner of buffet, want BIC&#8217;ers hebben een behoorlijk bourgondische inslag. Een aantal activiteiten is toegankelijk voor introducees. Een maal deelnemen verplicht introducees tot niets.<\/p>\n<p>We hopen u te mogen begroeten bij een van onze BIC-activiteiten.<\/p>\n<p>Welkom bij BIC![\/vc_column_text][\/vc_column][\/vc_row][vc_row full_width=&#8221;stretch_row&#8221; css=&#8221;.vc_custom_1596205051884{padding-top: 40px !important;background-color: #008fff !important;}&#8221;][vc_column][vc_custom_heading text=&#8221;Onze leden&#8221; font_container=&#8221;tag:span|font_size:32px|text_align:left|color:%23ffffff&#8221; google_fonts=&#8221;font_family:Raleway%3A100%2C200%2C300%2Cregular%2C500%2C600%2C700%2C800%2C900|font_style:700%20bold%20regular%3A700%3Anormal&#8221;][vc_column_text]     \n      <div class=\"staffholder\">\n      \n        <div class=\"staffpic\" style=\"background-image: url(https:\/\/businessclubbic.nl\/wp-content\/uploads\/2020\/08\/sandra-1-300x300.jpg);\"><\/div>\n        \n      \n        <div class=\"stafftextholder\">   \n          <div class=\"eventtitle\">Sandra van de Winkel<\/div>  \n          <img decoding=\"async\" align=\"left\" class=\"mobilepic\" src=\"https:\/\/businessclubbic.nl\/wp-content\/uploads\/2020\/08\/sandra-1-300x300.jpg\"> \n          <div id=\"eluidcf150244\" class=\"eluidcf150244      col-md-1-5 col-sm-1-5   znColumnElement\">\r\n<div class=\"znColumnElement-innerWrapper-eluidcf150244 znColumnElement-innerWrapper znColumnElement-innerWrapper--valign-top znColumnElement-innerWrapper--halign-left \">\r\n<div class=\"znColumnElement-innerContent\">\r\n<div class=\"team_member team-member u-trans-all-2s eluidea2232be  teambox--light element-scheme--light teambox-style--hover\">\r\n<div class=\"details team-member-details\">\r\n<div class=\"desc team-member-desc\">\r\n\r\nMooie dingen maken! Daar draait het bij ons dagelijks om. Mooie dingen die een doeltreffend resultaat bieden. We gaan voor het \u201cwow-effect\u201d, verwachtingen overtreffen en net wat extra toevoegen.\r\nNaast het \u201cstandaard\u201d reclamewerk als borden en autobeletteringen zijn onze mensen erg creatief met projecten die soms niets met de sign-branche te maken hebben. En dat vinden wij alleen maar leuk. Van levensgrote melkpakken tot het produceren van duizenden stalenboekjes. Wij draaien onze handen er niet meer voor om!\r\n\r\nBedrijf : Glance &amp; Vision\r\nAdres: Kruisstraat 32\r\n5502 JE Veldhoven\r\nEmail:\r\nsandra@glance-vision.nl\r\nWebsite: www.glance-vision.nl Telefoon: 040-2301150\r\n\r\n<\/div>\r\n<\/div>\r\n<\/div>\r\n<\/div>\r\n<\/div>\r\n<\/div>\r\n<div id=\"eluiddcd84e5e\" class=\"eluiddcd84e5e      col-md-1-5 col-sm-1-5   znColumnElement\">\r\n<div class=\"znColumnElement-innerWrapper-eluiddcd84e5e znColumnElement-innerWrapper znColumnElement-innerWrapper--valign-top znColumnElement-innerWrapper--halign-left \">\r\n<div class=\"znColumnElement-innerContent\"><\/div>\r\n<\/div>\r\n<\/div> \n        <\/div>\n       \n      <\/div>     \n      <div class=\"staffholder\">\n      \n        <div class=\"staffpic\" style=\"background-image: url(https:\/\/businessclubbic.nl\/wp-content\/uploads\/2020\/08\/Lid_Jeroen_Smelt.jpg);\"><\/div>\n        \n      \n        <div class=\"stafftextholder\">   \n          <div class=\"eventtitle\">Jeroen Smelt<\/div>  \n          <img decoding=\"async\" align=\"left\" class=\"mobilepic\" src=\"https:\/\/businessclubbic.nl\/wp-content\/uploads\/2020\/08\/Lid_Jeroen_Smelt.jpg\"> \n          Jeroen Smelt is een generalist op het gebied van de verschillende rechtsgebieden. Zijn achtergrond als technisch bedrijfskundige helpt hem en de ondernemers om elkaar makkelijk te vinden en te helpen.\r\n\r\nWerkend in het bedrijfsleven, waar Jeroen na het voltooien van de opleiding technische bedrijfskunde aan de slag was gegaan, ontstond zijn interesse in wet- en regelgeving. Als accountmanager bij een in hardware gespecialiseerde onderneming ontdekte hij hoe hij dit kan gebruiken te komen tot praktische oplossingen. Hij combineerde daarom zijn werk met de studie Nederlands recht en werd vervolgens advocaat. \n        <\/div>\n       \n      <\/div>     \n      <div class=\"staffholder\">\n      \n        <div class=\"staffpic\" style=\"background-image: url(https:\/\/businessclubbic.nl\/wp-content\/uploads\/2020\/08\/mariette-296x300.jpg);\"><\/div>\n        \n      \n        <div class=\"stafftextholder\">   \n          <div class=\"eventtitle\">Mari\u00ebtte van Wissen<\/div>  \n          <img decoding=\"async\" align=\"left\" class=\"mobilepic\" src=\"https:\/\/businessclubbic.nl\/wp-content\/uploads\/2020\/08\/mariette-296x300.jpg\"> \n          Van Wissen Communicatie (VWC) biedt trainingen gespreksleiding\/ dagvoorzitterschap, presentatietrainingen, mediatrainingen en schrijftrainingen. Deze trainingen zijn erop gericht uw boodschap optimaal over te brengen. Ook voor communicatieadvies en tekstopdrachten kunt u VWC inschakelen.\r\n\r\nMari\u00ebtte van Wissen zelf is in te huren als dagvoorzitter en gespreksleider. In 2008 begon zij haar eigen communicatieadviesbureau. Haar sterkte: trainingen in kleine groepen waardoor u alle aandacht en feedback krijgt die u verdient. Voordat Mari\u00ebtte zelfstandig ondernemer werd, werkte zij 24 jaar als journalist. \n        <\/div>\n       \n      <\/div>     \n      <div class=\"staffholder\">\n      \n        <div class=\"staffpic\" style=\"background-image: url(https:\/\/businessclubbic.nl\/wp-content\/uploads\/2020\/08\/henk.jpg);\"><\/div>\n        \n      \n        <div class=\"stafftextholder\">   \n          <div class=\"eventtitle\">Henk Imming<\/div>  \n          <img decoding=\"async\" align=\"left\" class=\"mobilepic\" src=\"https:\/\/businessclubbic.nl\/wp-content\/uploads\/2020\/08\/henk.jpg\"> \n          <div id=\"eluid3296609a\" class=\"eluid3296609a      col-md-1-5 col-sm-1-5   znColumnElement\">\r\n<div class=\"znColumnElement-innerWrapper-eluid3296609a znColumnElement-innerWrapper znColumnElement-innerWrapper--valign-top znColumnElement-innerWrapper--halign-left \">\r\n<div class=\"znColumnElement-innerContent\">\r\n<div class=\"team_member team-member u-trans-all-2s eluid2fe68c21  teambox--light element-scheme--light teambox-style--hover\">\r\n<div class=\"details team-member-details\">\r\n<div class=\"desc team-member-desc\">\r\n\r\nNa ruim 40 jaar in de adviespraktijk als accountant en belastingadviseur werkzaam te zijn geweest, waarvan de laatste 12,5 jaar als partner bij Crowe Foederer, ben ik sedert 1 januari 2018 officieel met pensioen. Ik ben nog wel part-time als zelfstandig adviseur actief op mijn vakgebied via mijn BV \"Helim Advies\". Daarnaast ontzorg ik mijn dochter Gertie en mijn zoon Bart op financieel-administratief gebied voor hun beide horecazaken Dinee Cafe De Kempen te Knegsel en Grand Cafe De Zwaan te Borkel en Schaft.\r\n\r\nHelim Advies BV, Henk Imming, Janus Hagelaarsstraat 10,\r\n5507 LW Veldhoven,\r\ntel 06-30382044.\r\n\r\n<\/div>\r\n<\/div>\r\n<\/div>\r\n<\/div>\r\n<\/div>\r\n<\/div>\r\n<div id=\"eluidc1da40fe\" class=\"eluidc1da40fe      col-md-1-5 col-sm-1-5   znColumnElement\">\r\n<div class=\"znColumnElement-innerWrapper-eluidc1da40fe znColumnElement-innerWrapper znColumnElement-innerWrapper--valign-top znColumnElement-innerWrapper--halign-left \">\r\n<div class=\"znColumnElement-innerContent\"><\/div>\r\n<\/div>\r\n<\/div> \n        <\/div>\n       \n      <\/div>     \n      <div class=\"staffholder\">\n      \n        <div class=\"staffpic\" style=\"background-image: url(https:\/\/businessclubbic.nl\/wp-content\/uploads\/2020\/08\/wim-300x300.jpg);\"><\/div>\n        \n      \n        <div class=\"stafftextholder\">   \n          <div class=\"eventtitle\">Wim Hoyer<\/div>  \n          <img decoding=\"async\" align=\"left\" class=\"mobilepic\" src=\"https:\/\/businessclubbic.nl\/wp-content\/uploads\/2020\/08\/wim-300x300.jpg\"> \n          nteraction Interim: Interim management, Organisatieadvies, Management trainingen en Coaching voor bedrijven en organisaties, die klantgericht willen werken en een efficiency slag willen maken. Trefwoorden: Lean Management, rendementsverbetering, kwaliteit- en procesmanagement, performancemanagement, drives. Spelsimulaties\/Managementgames bij verandertrajecten\r\n\r\nwww.interactioninterim.nl \n        <\/div>\n       \n      <\/div>     \n      <div class=\"staffholder\">\n      \n        <div class=\"staffpic\" style=\"background-image: url(https:\/\/businessclubbic.nl\/wp-content\/uploads\/2020\/07\/wilfred-300x300.jpg);\"><\/div>\n        \n      \n        <div class=\"stafftextholder\">   \n          <div class=\"eventtitle\">Wilfred der kinderen<\/div>  \n          <img decoding=\"async\" align=\"left\" class=\"mobilepic\" src=\"https:\/\/businessclubbic.nl\/wp-content\/uploads\/2020\/07\/wilfred-300x300.jpg\"> \n          Europe-SMT levert productie machines en toebehoren voor de elektronica industrie. Aantal medewerkers 10.\r\nopgericht in 2009.\r\n\r\n&nbsp; \n        <\/div>\n       \n      <\/div>     \n      <div class=\"staffholder\">\n      \n        <div class=\"staffpic\" style=\"background-image: url(https:\/\/businessclubbic.nl\/wp-content\/uploads\/2020\/07\/download-261x300.png);\"><\/div>\n        \n      \n        <div class=\"stafftextholder\">   \n          <div class=\"eventtitle\">Thomas Bogaarts<\/div>  \n          <img decoding=\"async\" align=\"left\" class=\"mobilepic\" src=\"https:\/\/businessclubbic.nl\/wp-content\/uploads\/2020\/07\/download-261x300.png\"> \n          Online software specialist met meer dan 16 jaar ervaring in het ontwikkelen van websites. Gespecialiseerd in Wordpress\/ Woocommerce trajecten en het ontwikkelen van cloud based middleware programmatuur waarop de nadruk ligt van het koppelen van software pakketten middel API protocollen\r\n\r\nEigenaar van Europe Web Media te Strijp S, Eindhoven. \n        <\/div>\n       \n      <\/div>[\/vc_column_text][\/vc_column][\/vc_row]\n","protected":false},"excerpt":{"rendered":"<p>[vc_row full_width=&#8221;stretch_row&#8221; content_placement=&#8221;middle&#8221; parallax=&#8221;vcex_parallax&#8221; parallax_image=&#8221;19&#8243; parallax_direction=&#8221;down&#8221; css=&#8221;.vc_custom_1596202858286{background-position: center;background-repeat: no-repeat !important;background-size: cover !important;}&#8221; el_class=&#8221;agenda&#8221;][vc_column][vc_column_text][\/vc_column_text][\/vc_column][\/vc_row][vc_row][vc_column][vc_column_text css=&#8221;.vc_custom_1596191787284{padding-top: 40px !important;}&#8221;] Business in Circle (BIC) is een actieve ondernemersclub in Zuidoost-Brabant. BIC is een gezellige ontmoetings- en activiteitenclub voor ondernemers uit de regio Zuidoost-Brabant. De&hellip;<\/p>\n","protected":false},"author":1,"featured_media":0,"parent":0,"menu_order":0,"comment_status":"closed","ping_status":"closed","template":"","meta":{"_acf_changed":false,"footnotes":""},"class_list":["post-17","page","type-page","status-publish","hentry","entry","no-media"],"acf":[],"_links":{"self":[{"href":"https:\/\/businessclubbic.nl\/index.php?rest_route=\/wp\/v2\/pages\/17","targetHints":{"allow":["GET"]}}],"collection":[{"href":"https:\/\/businessclubbic.nl\/index.php?rest_route=\/wp\/v2\/pages"}],"about":[{"href":"https:\/\/businessclubbic.nl\/index.php?rest_route=\/wp\/v2\/types\/page"}],"author":[{"embeddable":true,"href":"https:\/\/businessclubbic.nl\/index.php?rest_route=\/wp\/v2\/users\/1"}],"replies":[{"embeddable":true,"href":"https:\/\/businessclubbic.nl\/index.php?rest_route=%2Fwp%2Fv2%2Fcomments&post=17"}],"version-history":[{"count":21,"href":"https:\/\/businessclubbic.nl\/index.php?rest_route=\/wp\/v2\/pages\/17\/revisions"}],"predecessor-version":[{"id":77,"href":"https:\/\/businessclubbic.nl\/index.php?rest_route=\/wp\/v2\/pages\/17\/revisions\/77"}],"wp:attachment":[{"href":"https:\/\/businessclubbic.nl\/index.php?rest_route=%2Fwp%2Fv2%2Fmedia&parent=17"}],"curies":[{"name":"wp","href":"https:\/\/api.w.org\/{rel}","templated":true}]}}